{"id":11992,"date":"2025-04-22T10:44:01","date_gmt":"2025-04-22T10:44:01","guid":{"rendered":"https:\/\/ki-warstein.de\/?page_id=11992"},"modified":"2025-04-22T11:10:07","modified_gmt":"2025-04-22T11:10:07","slug":"mitglied-werden","status":"publish","type":"page","link":"https:\/\/ki-warstein.de\/?page_id=11992","title":{"rendered":"Mitglied werden"},"content":{"rendered":"<h2>Deine Unterst\u00fctzung f\u00fcr ein lebendiges Warstein<\/h2>\n<div>\n<p data-start=\"491\" data-end=\"713\" class=\"\">Du m\u00f6chtest dich f\u00fcr ein vielf\u00e4ltiges Kulturangebot in Warstein einsetzen und Veranstaltungen aktiv oder passiv unterst\u00fctzen? Dann freuen wir uns, dich als neues Mitglied in unserer Kulturinitiative willkommen zu hei\u00dfen!<\/p>\n<p data-start=\"720\" data-end=\"916\" class=\"\">Ob als aktives Mitglied mit Ideen und Tatkraft oder als F\u00f6rdermitglied mit einem regelm\u00e4\u00dfigen Beitrag \u2013 jeder Beitrag z\u00e4hlt. Gemeinsam schaffen wir Raum f\u00fcr Theater, Musik, Film und vieles mehr.<\/p>\n<p data-start=\"923\" data-end=\"1018\" class=\"\">F\u00fclle einfach das folgende Online-Formular aus und werde Teil unserer kulturellen Gemeinschaft!<\/p>\n<\/div>\n<div>\n<h3>Online in 3 Schritten Mitglied werden<\/h3>\n<div>\n<div class=\"frm_forms  with_frm_style frm_style_formidable-style\" id=\"frm_form_2_container\" data-token=\"95be568b9705b2c9ba7345a79f176ce7\">\n<form enctype=\"multipart\/form-data\" method=\"post\" class=\"frm-show-form  frm_pro_form \" id=\"form_antrag\" data-token=\"95be568b9705b2c9ba7345a79f176ce7\">\n<div class=\"frm_form_fields  frm_page_num_1\">\n<fieldset>\n<legend class=\"frm_screen_reader\">Antrag<\/legend>\r\n\r\n<div class=\"frm_fields_container\">\n<input type=\"hidden\" name=\"frm_action\" value=\"create\" \/>\n<input type=\"hidden\" name=\"form_id\" value=\"2\" \/>\n<input type=\"hidden\" name=\"frm_hide_fields_2\" id=\"frm_hide_fields_2\" value=\"\" \/>\n<input type=\"hidden\" name=\"form_key\" value=\"antrag\" \/>\n<input type=\"hidden\" name=\"item_meta[0]\" value=\"\" \/>\n<input type=\"hidden\" id=\"frm_submit_entry_2\" name=\"frm_submit_entry_2\" value=\"bffe682c64\" \/><input type=\"hidden\" name=\"_wp_http_referer\" value=\"\/index.php?rest_route=%2Fwp%2Fv2%2Fpages%2F11992\" \/><div id=\"frm_field_8_container\" class=\"frm_form_field form-field  frm_required_field frm_none_container frm6 frm_first\">\r\n\t<label for=\"field_f9lfy\" id=\"field_f9lfy_label\" class=\"frm_primary_label\">Vorname \r\n\t\t<span class=\"frm_required\" aria-hidden=\"true\">*<\/span>\r\n\t<\/label>\r\n\t<input  type=\"text\" id=\"field_f9lfy\" name=\"item_meta[8]\" value=\"\"  placeholder=\"Name\" data-reqmsg=\"Dieses Feld darf nicht leer sein.\" aria-required=\"true\" data-invmsg=\"Vorname  ist ung\u00fcltig\" aria-invalid=\"false\"   \/>\r\n\t\r\n\t\r\n<\/div>\n<div id=\"frm_field_9_container\" class=\"frm_form_field form-field  frm_required_field frm_none_container frm6\">\r\n\t<label for=\"field_swpl5\" id=\"field_swpl5_label\" class=\"frm_primary_label\">Nachname\r\n\t\t<span class=\"frm_required\" aria-hidden=\"true\">*<\/span>\r\n\t<\/label>\r\n\t<input  type=\"text\" id=\"field_swpl5\" name=\"item_meta[9]\" value=\"\"  placeholder=\"Nachname\" data-reqmsg=\"Dieses Feld darf nicht leer sein.\" aria-required=\"true\" data-invmsg=\"Nachname ist ung\u00fcltig\" aria-invalid=\"false\"   \/>\r\n\t\r\n\t\r\n<\/div>\n<div id=\"frm_field_10_container\" class=\"frm_form_field form-field  frm_required_field frm_none_container frm6 frm_first\">\r\n\t<label for=\"field_466pj\" id=\"field_466pj_label\" class=\"frm_primary_label\">Stra\u00dfe, Hausnummer\r\n\t\t<span class=\"frm_required\" aria-hidden=\"true\">*<\/span>\r\n\t<\/label>\r\n\t<input  type=\"text\" id=\"field_466pj\" name=\"item_meta[10]\" value=\"\"  placeholder=\"Stra\u00dfe, Hausnummer\" data-reqmsg=\"Dieses Feld darf nicht leer sein.\" aria-required=\"true\" data-invmsg=\"Stra\u00dfe, Hausnummer ist ung\u00fcltig\" aria-invalid=\"false\"   \/>\r\n\t\r\n\t\r\n<\/div>\n<div id=\"frm_field_11_container\" class=\"frm_form_field form-field  frm_required_field frm_none_container frm6\">\r\n\t<label for=\"field_q3fqe\" id=\"field_q3fqe_label\" class=\"frm_primary_label\">Plz, Ort\r\n\t\t<span class=\"frm_required\" aria-hidden=\"true\">*<\/span>\r\n\t<\/label>\r\n\t<input  type=\"text\" id=\"field_q3fqe\" name=\"item_meta[11]\" value=\"\"  placeholder=\"Plz, Ort\" data-reqmsg=\"Dieses Feld darf nicht leer sein.\" aria-required=\"true\" data-invmsg=\"Plz, Ort ist ung\u00fcltig\" aria-invalid=\"false\"   \/>\r\n\t\r\n\t\r\n<\/div>\n<div id=\"frm_field_12_container\" class=\"frm_form_field form-field  frm_required_field frm_none_container\">\r\n\t<label for=\"field_rz46b\" id=\"field_rz46b_label\" class=\"frm_primary_label\">Geburtsdatum\r\n\t\t<span class=\"frm_required\" aria-hidden=\"true\">*<\/span>\r\n\t<\/label>\r\n\t<input type=\"text\" id=\"field_rz46b\" name=\"item_meta[12]\" value=\"\"  maxlength=\"10\" placeholder=\"Geburtsdatum\" data-reqmsg=\"Dieses Feld darf nicht leer sein.\" aria-required=\"true\" data-invmsg=\"Geburtsdatum ist ung\u00fcltig\" class=\"frm_date\" aria-invalid=\"false\"  \/>\r\n\t\r\n\t\r\n<\/div>\n<div id=\"frm_field_13_container\" class=\"frm_form_field form-field  frm_required_field frm_none_container frm6 frm_first\">\r\n\t<label for=\"field_dxaru\" id=\"field_dxaru_label\" class=\"frm_primary_label\">Telefon\r\n\t\t<span class=\"frm_required\" aria-hidden=\"true\">*<\/span>\r\n\t<\/label>\r\n\t<input  type=\"text\" id=\"field_dxaru\" name=\"item_meta[13]\" value=\"\"  placeholder=\"Telefon\" data-reqmsg=\"Dieses Feld darf nicht leer sein.\" aria-required=\"true\" data-invmsg=\"Telefon ist ung\u00fcltig\" aria-invalid=\"false\"   \/>\r\n\t\r\n\t\r\n<\/div>\n<div id=\"frm_field_14_container\" class=\"frm_form_field form-field  frm_required_field frm_none_container frm6\">\r\n\t<label for=\"field_n8nt3\" id=\"field_n8nt3_label\" class=\"frm_primary_label\">E-Mail\r\n\t\t<span class=\"frm_required\" aria-hidden=\"true\">*<\/span>\r\n\t<\/label>\r\n\t<input  type=\"text\" id=\"field_n8nt3\" name=\"item_meta[14]\" value=\"\"  placeholder=\"E-Mail\" data-reqmsg=\"Dieses Feld darf nicht leer sein.\" aria-required=\"true\" data-invmsg=\"E-Mail ist ung\u00fcltig\" aria-invalid=\"false\"   \/>\r\n\t\r\n\t\r\n<\/div>\n<div id=\"frm_field_21_container\" class=\"frm_form_field form-field  frm_required_field frm_none_container frm6 frm_first\">\r\n\t<label for=\"field_kroms\" id=\"field_kroms_label\" class=\"frm_primary_label\">Ort, Datum\r\n\t\t<span class=\"frm_required\" aria-hidden=\"true\">*<\/span>\r\n\t<\/label>\r\n\t<input  type=\"text\" id=\"field_kroms\" name=\"item_meta[21]\" value=\"\"  placeholder=\"Ort, Datum\" data-reqmsg=\"Dieses Feld darf nicht leer sein.\" aria-required=\"true\" data-invmsg=\"Ort, Datum ist ung\u00fcltig\" aria-invalid=\"false\"   \/>\r\n\t\r\n\t\r\n<\/div>\n<div id=\"frm_field_15_container\" class=\"frm_form_field form-field  frm_required_field frm_top_container frm6\">\r\n\t<label for=\"field_zuer0\" id=\"field_zuer0_label\" class=\"frm_primary_label\">Unterschrift\r\n\t\t<span class=\"frm_required\" aria-hidden=\"true\">*<\/span>\r\n\t<\/label>\r\n\t<div class=\"sigPad\" id='sigPad15' style=\"max-width:400px;\">\n\t<div class=\"sig sigWrapper\" style=\"height:150px;border-color:#cccccc;--bg-color:#ffffff;--active:#008ec2;--inactive:#dddddd;--active-text:#ffffff;--inactive-text:#ffffff;--button-margin:22px;--button-size:20px;--button-padding:10px;--button-side-margin:22px;--icon:20px\">\n\n\t\t<ul class=\"sigNav\">\n\t\t\t\t<li class=\"drawIt\">\n\t\t\t\t\t<a href=\"#\" class=\"frm-active-sig-type\" title=\"Draw It\" aria-label=\"Draw It\">\n\t\t\t\t\t\t<svg  viewBox=\"0 0 22 20\" class=\"frmsvg\">\n\t<title>signature<\/title>\n\t<path d=\"M19.7 2.2A3.5 3.5 0 0 0 14 1.1L1.7 13.4a1 1 0 0 0-.3.4l-1.3 5a.9.9 0 0 0 0 .5 1 1 0 0 0 1 .6l5-1.3c.2 0 .4-.1.5-.3L18.9 6a3.5 3.5 0 0 0 .7-3.8zm-6.8 2.6L15.2 7l-8.6 8.7-2.4-2.4zm-10.7 13l1-3.3L5.4 17zM18 4.2l-.4.5L16.3 6 14 3.7l1.3-1.3A1.7 1.7 0 0 1 18 3.6l-.1.6zM9 17.9h11v1H9v-1z\"><\/path>\n\n<\/svg>\t\t\t\t\t<\/a>\n\t\t\t\t<\/li>\n\t\t\t\t<li class=\"typeIt\">\n\t\t\t\t\t<a href=\"#\" class=\"\" title=\"Type It\" aria-label=\"Type It\">\n\t\t\t\t\t\t<svg  viewBox=\"0 0 22 20\" class=\"frmsvg\">\n\t<title>keyboard<\/title>\n\t<path d=\"M20.6 2.5H2c-1 0-1.9.8-1.9 1.9v11.2c0 1 .8 1.9 1.9 1.9h18.7c1 0 1.9-.8 1.9-1.9V4.4c0-1-.8-1.9-1.9-1.9zm.3 13.1c0 .2-.1.3-.3.3H2a.3.3 0 0 1-.3-.3V4.4c0-.2.1-.3.3-.3h18.7c.2 0 .3.1.3.3v11.2zm-14.3-5V9.4c0-.3-.2-.5-.4-.5H5c-.3 0-.5.2-.5.5v1c0 .3.2.5.5.5h1c.3 0 .5-.2.5-.5zm3.8 0V9.4c0-.3-.2-.5-.5-.5H9c-.3 0-.5.2-.5.5v1c0 .3.2.5.4.5H10c.3 0 .5-.2.5-.5zm3.7 0V9.4c0-.3-.2-.5-.4-.5h-1.1c-.3 0-.5.2-.5.5v1c0 .3.2.5.5.5h1c.3 0 .5-.2.5-.5zm3.8 0V9.4c0-.3-.2-.5-.5-.5h-1c-.3 0-.5.2-.5.5v1c0 .3.2.5.4.5h1.1c.3 0 .5-.2.5-.5zM4.8 7.2v-1c0-.3-.2-.5-.5-.5H3.2c-.3 0-.5.2-.5.4v1.1c0 .3.2.5.5.5h1.1c.3 0 .5-.2.5-.5zm3.7 0v-1c0-.3-.2-.5-.5-.5H7c-.3 0-.5.2-.5.4v1.1c0 .3.2.5.5.5h1c.3 0 .5-.2.5-.5zm3.8 0v-1c0-.3-.2-.5-.5-.5h-1.1c-.3 0-.5.2-.5.4v1.1c0 .3.2.5.5.5h1.1c.3 0 .5-.2.5-.5zm3.7 0v-1c0-.3-.2-.5-.5-.5h-1c-.3 0-.5.2-.5.4v1.1c0 .3.2.5.5.5h1c.3 0 .5-.2.5-.5zm3.8 0v-1c0-.3-.2-.5-.5-.5h-1.1c-.3 0-.5.2-.5.4v1.1c0 .3.2.5.5.5h1.1c.3 0 .5-.2.5-.5zm-2 6.2V13c0-.3-.2-.5-.6-.5h-12c-.3 0-.6.2-.6.5v.6c0 .3.3.5.7.5h12c.3 0 .6-.2.6-.5z\"><\/path>\n<\/svg>\t\t\t\t\t<\/a>\n\t\t\t\t<\/li>\n\t\t<\/ul>\n\n\t\t<span class=\"frm-typed-drawline\"><\/span>\n\n\t\t<div class=\"typed\">\n\t\t\t<input type=\"text\" name=\"item_meta[15][typed]\" class=\"name\" id=\"field_zuer0\" autocomplete=\"off\" value=\"\"  style=\"width:400px\" maxlength=\"150\" data-reqmsg=\"Dieses Feld darf nicht leer sein.\" aria-required=\"true\" class=\"auto_width\" aria-invalid=\"false\"   \/>\n\t\t<\/div>\n\n\t\t<canvas class=\"pad\" data-fieldid=\"15\" data-fieldname=\"item_meta[15]\" width=\"396\" height=\"150\"><\/canvas>\n\t\t<div class=\"clearButton\"><a href=\"#clear\">Clear<\/a><\/div>\n\n\t\t<input type=\"hidden\" name=\"item_meta[15][output]\" class=\"output\" value=\"\" \/>\n\t<\/div>\n<\/div>\n\r\n\t\r\n\t\r\n<\/div>\n<input type=\"hidden\" name=\"frm_page_order_2\" id=\"frm_page_order_2\" value=\"16\" \/>\t\t<input  type=\"hidden\" name=\"item_meta[20]\" id=\"field_8r66h-0\" value=\"\"     \/>\n\t\t\t\t<input  type=\"hidden\" name=\"item_meta[22]\" id=\"field_ebkx8\" value=\"\"     \/>\n\t\t\t\t<input  type=\"hidden\" name=\"item_meta[23]\" id=\"field_1rwjs\" value=\"\"     \/>\n\t\t\t\t<input  type=\"hidden\" name=\"item_meta[30]\" id=\"field_wfbp2\" value=\"\"     \/>\n\t\t\t\t<input  type=\"hidden\" name=\"item_meta[31]\" id=\"field_g0awy\" value=\"\"     \/>\n\t\t\t\t<input  type=\"hidden\" name=\"item_meta[32]\" id=\"field_sog3k\" value=\"\"     \/>\n\t\t\t\t<input  type=\"hidden\" name=\"item_meta[33]\" id=\"field_emchz\" value=\"\"     \/>\n\t\t\t\t<input  type=\"hidden\" name=\"item_meta[34]\" id=\"field_b88wo\" value=\"\"     \/>\n\t\t\t\t<input  type=\"hidden\" name=\"item_meta[35]\" id=\"field_a3268\" value=\"\"     \/>\n\t\t\t\t<input  type=\"hidden\" name=\"item_meta[37]\" id=\"field_o8syk-0\" value=\"\"     \/>\n\t\t\t\t<input  type=\"hidden\" name=\"item_meta[7]\" id=\"field_senden\" value=\"\"     \/>\n\t\t\t<input type=\"hidden\" name=\"item_key\" value=\"\" \/>\n\t\t\t<div id=\"frm_field_39_container\">\n\t\t\t<label for=\"field_k0en\" >\n\t\t\t\tFalls Sie menschlich sind, lassen sie dieses Feld leer.\t\t\t<\/label>\n\t\t\t<input  id=\"field_k0en\" type=\"text\" class=\"frm_form_field form-field frm_verify\" name=\"item_meta[39]\" value=\"\"  \/>\n\t\t<\/div>\n\t\t<input name=\"frm_state\" type=\"hidden\" value=\"E99PbSM2YccPGLa2Yh7AggJO3JqZm8tECaIOfRQJr5L55yU2Zk3HFzypLmNKOvlt\" \/><div class=\"frm_submit frm_flex\">\r\n<button class=\"frm_button_submit\" type=\"submit\"  >N\u00e4chster Schritt<\/button>\r\n\r\n\r\n\r\n<\/div><\/div>\n<\/fieldset>\n<\/div>\n\n<\/form>\n<\/div>\n\n<\/div>\n<\/div>\n<p><!--more--><br \/>\n<!-- {\"type\":\"layout\",\"children\":[{\"type\":\"section\",\"props\":{\"image_position\":\"center-center\",\"style\":\"default\",\"title_breakpoint\":\"xl\",\"title_position\":\"top-left\",\"title_rotation\":\"left\",\"vertical_align\":\"middle\",\"width\":\"large\"},\"children\":[{\"type\":\"row\",\"children\":[{\"type\":\"column\",\"props\":{\"image_position\":\"center-center\",\"position_sticky_breakpoint\":\"m\",\"width_medium\":\"2-5\"},\"children\":[{\"type\":\"headline\",\"props\":{\"content\":\"Deine Unterst\\u00fctzung f\\u00fcr ein lebendiges Warstein\",\"margin_remove_bottom\":true,\"title_element\":\"h2\"}},{\"type\":\"text\",\"props\":{\"block_align\":\"center\",\"column_breakpoint\":\"m\",\"content\":\"\n\n<p data-start=\\\"491\\\" data-end=\\\"713\\\" class=\\\"\\\">Du m\\u00f6chtest dich f\\u00fcr ein vielf\\u00e4ltiges Kulturangebot in Warstein einsetzen und Veranstaltungen aktiv oder passiv unterst\\u00fctzen? Dann freuen wir uns, dich als neues Mitglied in unserer Kulturinitiative willkommen zu hei\\u00dfen!<\\\/p>\\n\n\n<p data-start=\\\"720\\\" data-end=\\\"916\\\" class=\\\"\\\">Ob als aktives Mitglied mit Ideen und Tatkraft oder als F\\u00f6rdermitglied mit einem regelm\\u00e4\\u00dfigen Beitrag \\u2013 jeder Beitrag z\\u00e4hlt. Gemeinsam schaffen wir Raum f\\u00fcr Theater, Musik, Film und vieles mehr.<\\\/p>\\n\n\n<p data-start=\\\"923\\\" data-end=\\\"1018\\\" class=\\\"\\\">F\\u00fclle einfach das folgende Online-Formular aus und werde Teil unserer kulturellen Gemeinschaft!<\\\/p>\",\"margin\":\"default\",\"text_align\":\"left\"}}]},{\"type\":\"column\",\"props\":{\"image_position\":\"center-center\",\"position_sticky_breakpoint\":\"m\",\"width_medium\":\"3-5\"},\"children\":[{\"type\":\"panel\",\"props\":{\"content\":\"\n\n<p>[formidable id=2]<\\\/p>\",\"content_column_breakpoint\":\"m\",\"icon_width\":80,\"image_align\":\"top\",\"image_grid_breakpoint\":\"m\",\"image_grid_width\":\"1-2\",\"image_svg_color\":\"emphasis\",\"link_style\":\"default\",\"link_text\":\"Read more\",\"margin\":\"default\",\"meta_align\":\"below-title\",\"meta_element\":\"div\",\"meta_style\":\"text-meta\",\"panel_padding\":\"default\",\"panel_style\":\"card-default\",\"text_align\":\"center\",\"title\":\"Online in 3 Schritten Mitglied werden\",\"title_align\":\"top\",\"title_element\":\"h3\",\"title_grid_breakpoint\":\"m\",\"title_grid_width\":\"1-2\",\"title_hover_style\":\"reset\"}}]}],\"props\":{\"layout\":\"2-5,3-5\"}}]}],\"version\":\"4.5.7\"} --><\/p>\n","protected":false},"excerpt":{"rendered":"<p>Deine Unterst\u00fctzung f\u00fcr ein lebendiges Warstein Du m\u00f6chtest dich f\u00fcr ein vielf\u00e4ltiges Kulturangebot in Warstein einsetzen und Veranstaltungen aktiv oder passiv unterst\u00fctzen? Dann freuen wir uns, dich als neues Mitglied in unserer Kulturinitiative willkommen zu hei\u00dfen! Ob als aktives Mitglied mit Ideen und Tatkraft oder als F\u00f6rdermitglied mit einem regelm\u00e4\u00dfigen Beitrag \u2013 jeder Beitrag z\u00e4hlt. [&hellip;]<\/p>\n","protected":false},"author":1,"featured_media":0,"parent":0,"menu_order":8,"comment_status":"closed","ping_status":"closed","template":"","meta":{"_acf_changed":false,"footnotes":""},"class_list":["post-11992","page","type-page","status-publish","hentry"],"acf":[],"_links":{"self":[{"href":"https:\/\/ki-warstein.de\/index.php?rest_route=\/wp\/v2\/pages\/11992","targetHints":{"allow":["GET"]}}],"collection":[{"href":"https:\/\/ki-warstein.de\/index.php?rest_route=\/wp\/v2\/pages"}],"about":[{"href":"https:\/\/ki-warstein.de\/index.php?rest_route=\/wp\/v2\/types\/page"}],"author":[{"embeddable":true,"href":"https:\/\/ki-warstein.de\/index.php?rest_route=\/wp\/v2\/users\/1"}],"replies":[{"embeddable":true,"href":"https:\/\/ki-warstein.de\/index.php?rest_route=%2Fwp%2Fv2%2Fcomments&post=11992"}],"version-history":[{"count":5,"href":"https:\/\/ki-warstein.de\/index.php?rest_route=\/wp\/v2\/pages\/11992\/revisions"}],"predecessor-version":[{"id":12010,"href":"https:\/\/ki-warstein.de\/index.php?rest_route=\/wp\/v2\/pages\/11992\/revisions\/12010"}],"wp:attachment":[{"href":"https:\/\/ki-warstein.de\/index.php?rest_route=%2Fwp%2Fv2%2Fmedia&parent=11992"}],"curies":[{"name":"wp","href":"https:\/\/api.w.org\/{rel}","templated":true}]}}