{"id":1610,"date":"2021-03-08T15:01:33","date_gmt":"2021-03-08T15:01:33","guid":{"rendered":"https:\/\/ki-warstein.de\/?page_id=1610"},"modified":"2021-06-11T10:51:12","modified_gmt":"2021-06-11T10:51:12","slug":"vorverkaufsstellen","status":"publish","type":"page","link":"https:\/\/ki-warstein.de\/?page_id=1610","title":{"rendered":"Vorverkaufsstellen"},"content":{"rendered":"<h1>Unsere Vorverkaufsstellen<\/h1>\n<h2>Dust B\u00fccherwelt Warstein<\/h2>\n<h1>\n<p><span class=\"LrzXr\">Dieplohstra\u00dfe 14, 59581 Warstein<\/span><\/p>\n<\/h1>\n<ul>\n<li>\n<h3>Telefon<\/h3>\n<div>\n<p><span class=\"LrzXr zdqRlf kno-fv\"><a href=\"https:\/\/www.google.com\/search?client=firefox-b-d&amp;q=buchhandlung+dust+warstein#\" data-dtype=\"d3ifr\" data-local-attribute=\"d3ph\" data-ved=\"2ahUKEwiNwqa_-IrxAhUIxIUKHV3CCmUQkAgoADAWegQIFxAD\">02902 976841<\/a><\/span><\/p>\n<\/div>\n<\/li>\n<li>\n<h3>Email<\/h3>\n<div>\n<p><a href=\"mailto:bernhardddust@web.de\">bernhardddust@web.de<\/a><\/p>\n<\/div>\n<\/li>\n<li>\n<h3>\u00d6ffnungszeiten<\/h3>\n<div>\n<p>Mo\u2013Fr 9:00-13:00 &amp; 14:30-18:00<br \/>Sa 9:00-13:00<\/p>\n<\/div>\n<\/li>\n<\/ul>\n<div>\n<p>51.4427,8.35153<\/p>\n<\/div>\n<h2>Allianz Rellecke<\/h2>\n<h1>\n<p><span class=\"LrzXr\">Wilkeplatz 4, 59581 Warstein-Belecke<\/span><\/p>\n<\/h1>\n<ul>\n<li>\n<h3>Telefon<\/h3>\n<div>\n<p><span class=\"LrzXr zdqRlf kno-fv\"><a href=\"tel: +49290251856\" data-dtype=\"d3ifr\" data-local-attribute=\"d3ph\" data-ved=\"2ahUKEwis7MCO-orxAhWGjKQKHfDqBZcQkAgoADAUegQIFhAD\">02902 51856<\/a><\/span><\/p>\n<\/div>\n<\/li>\n<li>\n<h3>Email<\/h3>\n<div>\n<p><a class=\"c-link c-link--text\" href=\"mailto:markus.rellecke@allianz.de\"><span class=\"c-link__text\">markus.rellecke@allianz.de<\/span><\/a><\/p>\n<\/div>\n<\/li>\n<li>\n<h3>\u00d6ffnungszeiten<\/h3>\n<div>\n<div id=\"namecard-openinghours-hours-grid\" class=\"azde-c-namecard__openinghours-content\">\n<div class=\"azde-c-servicebar__openinghours--row\">\n<div class=\"azde-c-namecard__openinghours-gridperline-wrapper\">\n<div class=\"c-copy azde-c-namecard__openinghours-bold-text11\">Montag, Dienstag<\/div>\n<div class=\"c-copy azde-c-namecard__openinghours-text12\">09:30 &#8211; 12:30 \/ 15:00 &#8211; 18:00<\/p>\n<\/div>\n<\/div>\n<\/div>\n<div class=\"azde-c-servicebar__openinghours--row\">\n<div class=\"azde-c-namecard__openinghours-gridperline-wrapper\">\n<div class=\"c-copy azde-c-namecard__openinghours-bold-text11\">Mittwoch<\/div>\n<div class=\"c-copy azde-c-namecard__openinghours-text12\">09:30 &#8211; 12:30 Uhr<\/div>\n<div class=\"c-copy azde-c-namecard__openinghours-text21\">\u00a0<\/div>\n<div class=\"c-copy azde-c-namecard__openinghours-bold-text11\">Donnerstag, Freitag<\/div>\n<\/div>\n<\/div>\n<div class=\"azde-c-servicebar__openinghours--row\">\n<div class=\"azde-c-namecard__openinghours-gridperline-wrapper\">\n<div class=\"c-copy azde-c-namecard__openinghours-text12\">09:30 &#8211; 12:30 \/ 15:00 &#8211; 18:00 <\/p>\n<\/div>\n<\/div>\n<\/div>\n<\/div>\n<div class=\"azde-c-namecard__openinghours-centered-text\">\n<p id=\"namecard-openinghours-appointment-text\" class=\"c-copy azde-c-namecard__openinghours-centered-text\">\u00a0<\/p>\n<\/div>\n<\/div>\n<\/li>\n<\/ul>\n<div>\n<p>51.4857,8.33725<\/p>\n<\/div>\n<h2>Proticket.de<\/h2>\n<h1>oder einfach \u00fcber die Website von ProTicket:<\/h1>\n<div>\n<h3>Website<\/h3>\n<div>\n<p><span class=\"LrzXr zdqRlf kno-fv\"><a href=\"https:\/\/proticket.de\" target=\"_blank\" rel=\"noopener\">www.proticket.de<\/a><\/span><\/p>\n<\/div>\n<\/div>\n<p><img decoding=\"async\" src=\"\/wp-content\/uploads\/proticket_logo.jpg\" alt=\"\"><\/p>\n<p><!-- {\"name\":\"Vorlage_DoKino_Einzelseite\",\"type\":\"layout\",\"children\":[{\"type\":\"section\",\"props\":{\"style\":\"default\",\"width\":\"xlarge\",\"vertical_align\":\"middle\",\"title_position\":\"top-left\",\"title_rotation\":\"left\",\"title_breakpoint\":\"xl\",\"image_position\":\"center-center\"},\"children\":[{\"type\":\"row\",\"children\":[{\"type\":\"column\",\"props\":{\"image_position\":\"center-center\",\"media_overlay_gradient\":\"\"},\"children\":[{\"type\":\"headline\",\"props\":{\"title_element\":\"h1\",\"content\":\"Unsere Vorverkaufsstellen\"}}]}]}]},{\"type\":\"section\",\"props\":{\"style\":\"default\",\"width\":\"xlarge\",\"vertical_align\":\"middle\",\"title_position\":\"top-left\",\"title_rotation\":\"left\",\"title_breakpoint\":\"xl\",\"image_position\":\"center-center\",\"css\":\".el-section{\\n    background-color:#d9d9d9;\\n    min-height:133px;\\n    margin-bottom:20px;\\n    border-left: 40px solid #006f9e;\\n}\\n\\n.uk-container {\\n    padding-left: 40px;\\n    padding-right:80px;\\n\\n     min-height:133px;\\n    \\n    \\n}\\n\\n@media only screen and (max-width: 600px) {\\n  .el-section {\\n    padding-left: 0px !important;\\n    padding-right: 0px !important;\\n    border-left: none !important;\\n     \\n    \\n    \\n}\\n    \\n    .uk-container {\\n    padding-left: 20px;\\n    padding-right: 20px;\\n    min-height: 133px;\\n}\\n}\\n\",\"padding\":\"small\",\"padding_remove_bottom\":false},\"children\":[{\"type\":\"row\",\"props\":{\"layout\":\"1-2,1-2\",\"column_gap\":\"large\",\"row_gap\":\"collapse\"},\"children\":[{\"type\":\"column\",\"props\":{\"image_position\":\"center-center\",\"media_overlay_gradient\":\"\",\"width_medium\":\"1-2\"},\"children\":[{\"type\":\"headline\",\"props\":{\"title_element\":\"h2\",\"content\":\"Dust B\\u00fccherwelt Warstein\",\"title_style\":\"h2\",\"margin_remove_bottom\":true,\"margin_remove_top\":false,\"margin\":\"small\",\"css\":\"@media only screen and (max-width: 600px) {\\n  .el-element {\\n      \\n    font-size:24px;\\n  }\\n}\\n\"}},{\"type\":\"headline\",\"props\":{\"title_element\":\"h1\",\"content\":\"\n\n<p><span class=\\\"LrzXr\\\">Dieplohstra\\u00dfe 14, 59581 Warstein<\\\/span><\\\/p>\",\"title_style\":\"h5\",\"margin_remove_top\":true}},{\"type\":\"description_list\",\"props\":{\"show_title\":true,\"show_meta\":true,\"show_content\":true,\"show_link\":true,\"list_element\":\"ul\",\"column_breakpoint\":\"m\",\"layout\":\"grid-2\",\"title_grid_width\":\"medium\",\"title_grid_column_gap\":\"small\",\"title_grid_row_gap\":\"small\",\"title_element\":\"div\",\"meta_style\":\"meta\",\"meta_align\":\"below-content\",\"title_style\":\"h5\",\"title_colon\":true,\"title_font_family\":\"default\",\"title_color\":\"muted\",\"css\":\".el-title, .el-content{\\n    font-family:roboto;\\n    color:black!important;\\n    font-weight:700;\\n    font-size:16px;\\n}\\n\\n.uk-width-small {\\n    width: 125px;\\n}\",\"list_size\":\"large\"},\"children\":[{\"type\":\"description_list_item\",\"props\":{\"title\":\"Telefon\",\"meta\":\"\",\"content\":\"\n\n<p><span class=\\\"LrzXr zdqRlf kno-fv\\\"><a href=\\\"https:\\\/\\\/www.google.com\\\/search?client=firefox-b-d&amp;q=buchhandlung+dust+warstein#\\\" data-dtype=\\\"d3ifr\\\" data-local-attribute=\\\"d3ph\\\" data-ved=\\\"2ahUKEwiNwqa_-IrxAhUIxIUKHV3CCmUQkAgoADAWegQIFxAD\\\">02902 976841<\\\/a><\\\/span><\\\/p>\"}},{\"type\":\"description_list_item\",\"props\":{\"title\":\"Email\",\"content\":\"\n\n<p><a href=\\\"mailto:bernhardddust@web.de\\\">bernhardddust@web.de<\\\/a><\\\/p>\"}},{\"type\":\"description_list_item\",\"props\":{\"title\":\"\\u00d6ffnungszeiten\",\"content\":\"\n\n<p>Mo\\u2013Fr 9:00-13:00 &amp; 14:30-18:00<br \\\/>Sa 9:00-13:00<\\\/p>\"}}]}]},{\"type\":\"column\",\"props\":{\"image_position\":\"center-center\",\"media_overlay_gradient\":\"\",\"width_medium\":\"1-2\"},\"children\":[{\"type\":\"map\",\"props\":{\"show_title\":true,\"type\":\"roadmap\",\"zoom\":14,\"controls\":true,\"zooming\":false,\"dragging\":false},\"children\":[{\"type\":\"map_marker\",\"props\":{\"location\":\"51.4427,8.35153\"}}]}]}]}]},{\"type\":\"section\",\"props\":{\"style\":\"default\",\"width\":\"xlarge\",\"vertical_align\":\"middle\",\"title_position\":\"top-left\",\"title_rotation\":\"left\",\"title_breakpoint\":\"xl\",\"image_position\":\"center-center\",\"css\":\".el-section{\\n    background-color:#d9d9d9;\\n    min-height:133px;\\n    margin-bottom:20px;\\n    border-left: 40px solid #cd1719;\\n}\\n\\n.uk-container {\\n    padding-left: 40px;\\n    padding-right:80px;\\n\\n     min-height:133px;\\n    \\n    \\n}\\n\\n@media only screen and (max-width: 600px) {\\n  .el-section {\\n    padding-left: 0px !important;\\n    padding-right: 0px !important;\\n    border-left: none !important;\\n     \\n    \\n    \\n}\\n    \\n    .uk-container {\\n    padding-left: 20px;\\n    padding-right: 20px;\\n    min-height: 133px;\\n}\\n}\\n\",\"padding\":\"small\",\"padding_remove_bottom\":false},\"children\":[{\"type\":\"row\",\"props\":{\"layout\":\"1-2,1-2\",\"column_gap\":\"large\",\"row_gap\":\"collapse\"},\"children\":[{\"type\":\"column\",\"props\":{\"image_position\":\"center-center\",\"media_overlay_gradient\":\"\",\"width_medium\":\"1-2\"},\"children\":[{\"type\":\"headline\",\"props\":{\"title_element\":\"h2\",\"content\":\"Allianz Rellecke\",\"title_style\":\"h2\",\"margin_remove_bottom\":true,\"margin_remove_top\":false,\"margin\":\"small\"}},{\"type\":\"headline\",\"props\":{\"title_element\":\"h1\",\"content\":\"\n\n<p><span class=\\\"LrzXr\\\">Wilkeplatz 4, 59581 Warstein-Belecke<\\\/span><\\\/p>\",\"title_style\":\"h5\",\"margin_remove_top\":true}},{\"type\":\"description_list\",\"props\":{\"show_title\":true,\"show_meta\":true,\"show_content\":true,\"show_link\":true,\"list_element\":\"ul\",\"column_breakpoint\":\"m\",\"layout\":\"grid-2\",\"title_grid_width\":\"medium\",\"title_grid_column_gap\":\"small\",\"title_grid_row_gap\":\"small\",\"title_element\":\"div\",\"meta_style\":\"meta\",\"meta_align\":\"below-content\",\"title_style\":\"h5\",\"title_colon\":true,\"title_font_family\":\"default\",\"title_color\":\"muted\",\"css\":\".el-title, .el-content{\\n    font-family:roboto;\\n    color:black!important;\\n    font-weight:700;\\n    font-size:16px;\\n}\\n\\n.uk-width-small {\\n    width: 125px;\\n}\",\"list_size\":\"large\"},\"children\":[{\"type\":\"description_list_item\",\"props\":{\"title\":\"Telefon\",\"meta\":\"\",\"content\":\"\n\n<p><span class=\\\"LrzXr zdqRlf kno-fv\\\"><a href=\\\"tel: +49290251856\\\" data-dtype=\\\"d3ifr\\\" data-local-attribute=\\\"d3ph\\\" data-ved=\\\"2ahUKEwis7MCO-orxAhWGjKQKHfDqBZcQkAgoADAUegQIFhAD\\\">02902 51856<\\\/a><\\\/span><\\\/p>\"}},{\"type\":\"description_list_item\",\"props\":{\"title\":\"Email\",\"content\":\"\n\n<p><a class=\\\"c-link c-link--text\\\" href=\\\"mailto:markus.rellecke@allianz.de\\\"><span class=\\\"c-link__text\\\">markus.rellecke@allianz.de<\\\/span><\\\/a><\\\/p>\"}},{\"type\":\"description_list_item\",\"props\":{\"title\":\"\\u00d6ffnungszeiten\",\"content\":\"\n\n<div id=\\\"namecard-openinghours-hours-grid\\\" class=\\\"azde-c-namecard__openinghours-content\\\">\\n\n\n<div class=\\\"azde-c-servicebar__openinghours--row\\\">\\n\n\n<div class=\\\"azde-c-namecard__openinghours-gridperline-wrapper\\\">\\n\n\n<div class=\\\"c-copy azde-c-namecard__openinghours-bold-text11\\\">Montag, Dienstag<\\\/div>\\n\n\n<div class=\\\"c-copy azde-c-namecard__openinghours-text12\\\">09:30 - 12:30 \\\/ 15:00 - 18:00<br \\\/><br \\\/><\\\/div>\\n<\\\/div>\\n<\\\/div>\\n\n\n<div class=\\\"azde-c-servicebar__openinghours--row\\\">\\n\n\n<div class=\\\"azde-c-namecard__openinghours-gridperline-wrapper\\\">\\n\n\n<div class=\\\"c-copy azde-c-namecard__openinghours-bold-text11\\\">Mittwoch<\\\/div>\\n\n\n<div class=\\\"c-copy azde-c-namecard__openinghours-text12\\\">09:30 - 12:30 Uhr<\\\/div>\\n\n\n<div class=\\\"c-copy azde-c-namecard__openinghours-text21\\\">\\u00a0<\\\/div>\\n\n\n<div class=\\\"c-copy azde-c-namecard__openinghours-bold-text11\\\">Donnerstag, Freitag<\\\/div>\\n<\\\/div>\\n<\\\/div>\\n\n\n<div class=\\\"azde-c-servicebar__openinghours--row\\\">\\n\n\n<div class=\\\"azde-c-namecard__openinghours-gridperline-wrapper\\\">\\n\n\n<div class=\\\"c-copy azde-c-namecard__openinghours-text12\\\">09:30 - 12:30 \\\/ 15:00 - 18:00 <br \\\/><br \\\/><\\\/div>\\n<\\\/div>\\n<\\\/div>\\n<\\\/div>\\n\n\n<div class=\\\"azde-c-namecard__openinghours-centered-text\\\">\\n\n\n<p id=\\\"namecard-openinghours-appointment-text\\\" class=\\\"c-copy azde-c-namecard__openinghours-centered-text\\\">\\u00a0<\\\/p>\\n<\\\/div>\"}}]}]},{\"type\":\"column\",\"props\":{\"image_position\":\"center-center\",\"media_overlay_gradient\":\"\",\"width_medium\":\"1-2\"},\"children\":[{\"type\":\"map\",\"props\":{\"show_title\":true,\"type\":\"roadmap\",\"zoom\":14,\"controls\":true,\"zooming\":false,\"dragging\":false},\"children\":[{\"type\":\"map_marker\",\"props\":{\"location\":\"51.4857,8.33725\"}}]}]}]}]},{\"type\":\"section\",\"props\":{\"style\":\"default\",\"width\":\"xlarge\",\"vertical_align\":\"middle\",\"title_position\":\"top-left\",\"title_rotation\":\"left\",\"title_breakpoint\":\"xl\",\"image_position\":\"center-center\",\"css\":\".el-section{\\n    background-color:#d9d9d9;\\n    min-height:133px;\\n    margin-bottom:20px;\\n    border-left: 40px solid #449f35;\\n}\\n\\n.uk-container {\\n    padding-left: 40px;\\n    padding-right:80px;\\n\\n     min-height:133px;\\n    \\n    \\n}\\n\\n@media only screen and (max-width: 600px) {\\n  .el-section {\\n    padding-left: 0px !important;\\n    padding-right: 0px !important;\\n    border-left: none !important;\\n     \\n    \\n    \\n}\\n    \\n    .uk-container {\\n    padding-left: 20px;\\n    padding-right: 20px;\\n    min-height: 133px;\\n}\\n}\\n\",\"padding\":\"small\",\"padding_remove_bottom\":false},\"children\":[{\"type\":\"row\",\"props\":{\"layout\":\"1-2,1-2\",\"column_gap\":\"large\",\"row_gap\":\"collapse\"},\"children\":[{\"type\":\"column\",\"props\":{\"image_position\":\"center-center\",\"media_overlay_gradient\":\"\",\"width_medium\":\"1-2\"},\"children\":[{\"type\":\"headline\",\"props\":{\"title_element\":\"h2\",\"content\":\"Proticket.de\",\"title_style\":\"h2\",\"margin_remove_bottom\":true,\"margin_remove_top\":false,\"margin\":\"small\"}},{\"type\":\"headline\",\"props\":{\"title_element\":\"h1\",\"content\":\"oder einfach \\u00fcber die Website von ProTicket:\",\"title_style\":\"h5\",\"margin_remove_top\":true}},{\"type\":\"description_list\",\"props\":{\"show_title\":true,\"show_meta\":true,\"show_content\":true,\"show_link\":true,\"list_element\":\"ul\",\"column_breakpoint\":\"m\",\"layout\":\"grid-2\",\"title_grid_width\":\"medium\",\"title_grid_column_gap\":\"small\",\"title_grid_row_gap\":\"small\",\"title_element\":\"div\",\"meta_style\":\"meta\",\"meta_align\":\"below-content\",\"title_style\":\"h5\",\"title_colon\":true,\"title_font_family\":\"default\",\"title_color\":\"muted\",\"css\":\".el-title, .el-content{\\n    font-family:roboto;\\n    color:black!important;\\n    font-weight:700;\\n    font-size:16px;\\n}\\n\\n.uk-width-small {\\n    width: 125px;\\n}\",\"list_size\":\"large\"},\"children\":[{\"type\":\"description_list_item\",\"props\":{\"title\":\"Website\",\"meta\":\"\",\"content\":\"\n\n<p><span class=\\\"LrzXr zdqRlf kno-fv\\\"><a href=\\\"https:\\\/\\\/proticket.de\\\" target=\\\"_blank\\\" rel=\\\"noopener\\\">www.proticket.de<\\\/a><\\\/span><\\\/p>\"}}]}]},{\"type\":\"column\",\"props\":{\"image_position\":\"center-center\",\"media_overlay_gradient\":\"\",\"width_medium\":\"1-2\"},\"children\":[{\"type\":\"image\",\"props\":{\"margin\":\"default\",\"image_svg_color\":\"emphasis\",\"image\":\"wp-content\\\/uploads\\\/proticket_logo.jpg\"}}]}]}]}],\"version\":\"2.2.4\"} --><\/p>\n","protected":false},"excerpt":{"rendered":"<p>Unsere Vorverkaufsstellen Dust B\u00fccherwelt Warstein Dieplohstra\u00dfe 14, 59581 Warstein Telefon 02902 976841 Email bernhardddust@web.de \u00d6ffnungszeiten Mo\u2013Fr 9:00-13:00 &amp; 14:30-18:00Sa 9:00-13:00 51.4427,8.35153 Allianz Rellecke Wilkeplatz 4, 59581 Warstein-Belecke Telefon 02902 51856 Email markus.rellecke@allianz.de \u00d6ffnungszeiten Montag, Dienstag 09:30 &#8211; 12:30 \/ 15:00 &#8211; 18:00 Mittwoch 09:30 &#8211; 12:30 Uhr \u00a0 Donnerstag, Freitag 09:30 &#8211; 12:30 \/ 15:00 [&hellip;]<\/p>\n","protected":false},"author":1,"featured_media":0,"parent":0,"menu_order":14,"comment_status":"closed","ping_status":"closed","template":"","meta":{"_acf_changed":false,"footnotes":""},"class_list":["post-1610","page","type-page","status-publish","hentry"],"acf":[],"_links":{"self":[{"href":"https:\/\/ki-warstein.de\/index.php?rest_route=\/wp\/v2\/pages\/1610","targetHints":{"allow":["GET"]}}],"collection":[{"href":"https:\/\/ki-warstein.de\/index.php?rest_route=\/wp\/v2\/pages"}],"about":[{"href":"https:\/\/ki-warstein.de\/index.php?rest_route=\/wp\/v2\/types\/page"}],"author":[{"embeddable":true,"href":"https:\/\/ki-warstein.de\/index.php?rest_route=\/wp\/v2\/users\/1"}],"replies":[{"embeddable":true,"href":"https:\/\/ki-warstein.de\/index.php?rest_route=%2Fwp%2Fv2%2Fcomments&post=1610"}],"version-history":[{"count":5,"href":"https:\/\/ki-warstein.de\/index.php?rest_route=\/wp\/v2\/pages\/1610\/revisions"}],"predecessor-version":[{"id":2344,"href":"https:\/\/ki-warstein.de\/index.php?rest_route=\/wp\/v2\/pages\/1610\/revisions\/2344"}],"wp:attachment":[{"href":"https:\/\/ki-warstein.de\/index.php?rest_route=%2Fwp%2Fv2%2Fmedia&parent=1610"}],"curies":[{"name":"wp","href":"https:\/\/api.w.org\/{rel}","templated":true}]}}