{"id":20,"date":"2019-04-25T13:05:14","date_gmt":"2019-04-25T13:05:14","guid":{"rendered":"http:\/\/localhost\/yootheme_pro\/2019\/Makai\/Website_WP\/index.php\/contact\/"},"modified":"2026-04-09T08:29:48","modified_gmt":"2026-04-09T08:29:48","slug":"kontakt","status":"publish","type":"page","link":"https:\/\/ki-warstein.de\/?page_id=20","title":{"rendered":"Kontakt (alt)"},"content":{"rendered":"<div>\n<h3>KI Kontakt<\/h3>\n<div>\n<h4>Michael R\u00f6mer<\/h4>\n<p>roemer@weitsicht-medien.de<\/p>\n<\/div>\n<p><a href=\"\/?page_id=11992\">KI-Mitglied werden<\/a><\/p>\n<\/div>\n<h1>Schreib uns eine Nachricht<\/h1>\n<h2>KI Vorstandsteam:<\/h2>\n<ul>\n<li>\n<h5>Michael R\u00f6mer<\/h5>\n<p>1. Vorsitzender<\/p>\n<div>\n<p><a href=\"mailto:roemer@weitsicht-medien.de\">roemer@weitsicht-medien.de<\/a><\/p>\n<\/div>\n<\/li>\n<li>\n<h5>Werner Braukmann<\/h5>\n<p>2. Vorsitzender:<\/p>\n<div>\n<p><a href=\"mailto:braukmann@t-online.de\">braukmann@t-online.de<\/a><\/p>\n<\/div>\n<\/li>\n<li>\n<h5>Tina Hoppe<\/h5>\n<p>Schatzmeisterin:<\/p>\n<div>\n<p><a href=\"mailto:buchhaltung@ki-warstein.de\">buchhaltung@ki-warstein.de<\/a><\/p>\n<\/div>\n<\/li>\n<li>\n<h5>Jock Beermann<\/h5>\n<p>Schriftf\u00fchrer:<\/p>\n<div>\n<p><a href=\"mailto:franz-josef@beermann-software.de\">franz-josef@beermann-software.de<\/a><\/p>\n<\/div>\n<\/li>\n<\/ul>\n<ul>\n<li>\n<h5>Heike Lehle-St\u00f6cker <\/h5>\n<p>Leitung KIKIB\u00dc<\/p>\n<div>\n<p><a href=\"mailto:heike-lehle@gmx.de\">heike-lehle@gmx.de<\/a><\/p>\n<\/div>\n<\/li>\n<li>\n<h5>Monika Scheef<\/h5>\n<p>Leitung Kupferhammer Konzerte<\/p>\n<div>\n<p><a href=\"mailto:kupferhammer@ki-warstein.de\">monika.scheef@gmx.de<\/a><\/p>\n<\/div>\n<\/li>\n<li>\n<h5>Peter Mahnke<\/h5>\n<p>Leitung DoKino<\/p>\n<div>\n<p><a href=\"mailto:pmahnke@gmx.net\">pmahnke@gmx.net<\/a><\/p>\n<\/div>\n<\/li>\n<\/ul>\n<ul>\n<li>\n<h5>Bernhard Klaus<\/h5>\n<p>Beisitzer<\/p>\n<div>\n<p><a href=\"mailto:ubmbc.klaus@t-online.de\">ubmbc.klaus@t-online.de<\/a><\/p>\n<\/p>\n<\/div>\n<\/li>\n<li>\n<h5>Eckhard M\u00fcller<\/h5>\n<p>Beisitzer<\/p>\n<div>\n<p><a href=\"tel:+4916097000109\" data-wplink-url-error=\"true\"><\/a><br \/><a href=\"mailto:eckhard.mueller@gmx.de\">eckhard.mueller@gmx.de<\/a><\/p>\n<\/div>\n<\/li>\n<\/ul>\n<h1>Unsere Standorte<\/h1>\n<ul>\n<li>\n<p>51.4591,8.34467<\/p>\n<h3>Haus Kupferhammer<\/h3>\n<div>Belecker Landstra\u00dfe 9<\/div>\n<\/li>\n<li>\n<p>51.4865,8.33836<\/p>\n<h3>Neue Aula Belecke<\/h3>\n<div>Pietrapaola-Platz 4, 59581 Warstein<\/div>\n<\/li>\n<li>\n<p>51.4905686,8.323002947651482<\/p>\n<h3>Haus Welschenbeck<\/h3>\n<div>\n<p>M\u00fclheimer Str. 30<br \/>59581 Warstein<\/p>\n<\/div>\n<\/li>\n<li>\n<p>51.4473,8.3510<\/p>\n<h3>Alte Kirche Warstein<\/h3>\n<div>Benderweg, <br \/>59581 Warstein<\/div>\n<\/li>\n<\/ul>\n<p><!--more--><br \/>\n<!-- {\"name\":\"Contact\",\"type\":\"layout\",\"children\":[{\"type\":\"section\",\"props\":{\"css\":\".uk-tile.uk-width-1-1.uk-flex.uk-background-norepeat.uk-background-contain.uk-background-bottom-center {\\n    padding-top:0px;\\n}\\n\\n.el-section{\\n    background-color:#d9d9d9;\\n    min-height:133px;\\n    margin-bottom:20px;\\n    border-left: 40px solid #006f9e;\\n}\\n\\n.uk-container {\\n    padding-left: 40px;\\n    padding-right:80px;\\n\\n     min-height:133px;\\n    \\n    \\n}\\n\\n@media only screen and (max-width: 600px) {\\n  .el-section {\\n    padding-left: 0px !important;\\n    padding-right: 0px !important;\\n    border-left: none !important;\\n     \\n    \\n    \\n}\\n    \\n    .uk-container {\\n    padding-left: 20px;\\n    padding-right: 20px;\\n    min-height: 133px;\\n}\\n}\\n\",\"image\":\"wp-content\/uploads\/Bereichsmotive_Quadrate2.jpg\",\"image_position\":\"center-center\",\"image_size\":\"cover\",\"media_overlay\":\"rgba(23, 23, 23, 0.85)\",\"style\":\"default\",\"title_breakpoint\":\"xl\",\"title_position\":\"top-left\",\"title_rotation\":\"left\",\"vertical_align\":\"\",\"width\":\"large\"},\"children\":[{\"type\":\"row\",\"props\":{\"layout\":\"1-3,2-3\"},\"children\":[{\"type\":\"column\",\"props\":{\"image_position\":\"center-center\",\"image_size\":\"contain\",\"media_overlay\":\"rgba(255, 255, 255, 0.86)\",\"position_sticky_breakpoint\":\"m\",\"width_medium\":\"1-3\"},\"children\":[{\"type\":\"panel\",\"props\":{\"content\":\"\n\n<h4>Michael R\u00f6mer<\/h4>\n\n\\n\n\n<p>roemer@weitsicht-medien.de<\/p>\n\n\",\"content_column_breakpoint\":\"m\",\"image\":\"\",\"image_align\":\"between\",\"image_grid_breakpoint\":\"m\",\"image_grid_width\":\"1-2\",\"image_svg_color\":\"emphasis\",\"image_width\":\"100\",\"link\":\"?page_id=11992\",\"link_style\":\"primary\",\"link_text\":\"KI-Mitglied werden\",\"margin_bottom\":\"default\",\"margin_top\":\"default\",\"meta\":\"\",\"meta_align\":\"below-title\",\"meta_element\":\"div\",\"meta_style\":\"text-meta\",\"panel_padding\":\"default\",\"panel_style\":\"card-default\",\"title\":\"KI Kontakt\",\"title_align\":\"top\",\"title_element\":\"h3\",\"title_grid_breakpoint\":\"m\",\"title_grid_width\":\"1-2\",\"title_hover_style\":\"reset\"}}]},{\"type\":\"column\",\"props\":{\"image_position\":\"bottom-center\",\"image_size\":\"contain\",\"media_overlay\":\"rgba(255, 255, 255, 0.89)\",\"order_first\":\"m\",\"position_sticky_breakpoint\":\"m\",\"width_medium\":\"2-3\"},\"children\":[{\"type\":\"headline\",\"props\":{\"content\":\"Schreib uns eine Nachricht\",\"css\":\".el-element{\\n    \\n color: white;   \\n    \\n    \\n}\",\"image_align\":\"left\",\"image_margin\":\"xsmall\",\"title_element\":\"h1\"}},{\"type\":\"module\",\"props\":{\"menu_image_align\":\"center\",\"menu_image_margin\":true,\"menu_style\":\"default\",\"menu_type\":\"nav\",\"style\":\"card-default\",\"type\":\"frm_show_form\",\"widget\":\"frm_show_form-2\"}}]}]}]},{\"type\":\"section\",\"props\":{\"css\":\"\\n.el-section{\\n    \\n    min-height:133px;\\n    margin-bottom:20px;\\n    border-left: 40px solid #cd1719;\\n}\\n\\n.uk-container {\\n    padding-left: 40px;\\n    padding-right:80px;\\n\\n     min-height:133px;\\n    \\n    \\n}\\n\\n@media only screen and (max-width: 600px) {\\n  .el-section {\\n    padding-left: 0px !important;\\n    padding-right: 0px !important;\\n    border-left: none !important;\\n     \\n    \\n    \\n}\\n    \\n    .uk-container {\\n    padding-left: 20px;\\n    padding-right: 20px;\\n    min-height: 133px;\\n}\\n}\\n\",\"image_position\":\"center-center\",\"preserve_color\":true,\"style\":\"secondary\",\"title_breakpoint\":\"xl\",\"title_position\":\"top-left\",\"title_rotation\":\"left\",\"vertical_align\":\"\",\"width\":\"large\"},\"children\":[{\"type\":\"row\",\"children\":[{\"type\":\"column\",\"props\":{\"image_position\":\"center-center\",\"position_sticky_breakpoint\":\"m\",\"width_medium\":\"1-1\"},\"children\":[{\"type\":\"headline\",\"props\":{\"content\":\"KI Vorstandsteam:\",\"css\":\".el-element{\\n    \\n    color:white;\\n    \\n    \\n}\",\"image_align\":\"left\",\"image_margin\":\"xsmall\",\"text_align\":\"center\",\"title_element\":\"h2\",\"title_style\":\"h2\"}},{\"type\":\"grid\",\"props\":{\"content_column_breakpoint\":\"m\",\"filter_align\":\"left\",\"filter_all\":true,\"filter_grid_breakpoint\":\"m\",\"filter_grid_width\":\"auto\",\"filter_position\":\"top\",\"filter_style\":\"tab\",\"grid_column_gap\":\"small\",\"grid_default\":\"1\",\"grid_divider\":true,\"grid_large\":\"4\",\"grid_medium\":\"\",\"image_align\":\"top\",\"image_grid_breakpoint\":\"m\",\"image_grid_width\":\"1-2\",\"image_svg_color\":\"emphasis\",\"item_animation\":true,\"lightbox_bg_close\":true,\"link_style\":\"default\",\"link_text\":\"Read more\",\"margin_bottom\":\"default\",\"margin_top\":\"default\",\"meta_align\":\"below-title\",\"meta_element\":\"div\",\"meta_style\":\"text-meta\",\"panel_padding\":\"default\",\"panel_style\":\"card-default\",\"parallax_easing\":\"1\",\"show_content\":true,\"show_hover_image\":true,\"show_hover_video\":true,\"show_image\":true,\"show_link\":true,\"show_meta\":true,\"show_title\":true,\"show_video\":true,\"title_align\":\"top\",\"title_element\":\"h5\",\"title_grid_breakpoint\":\"m\",\"title_grid_width\":\"1-2\",\"title_hover_style\":\"reset\",\"title_style\":\"h4\"},\"children\":[{\"type\":\"grid_item\",\"props\":{\"content\":\"\n\n<p><a href=\\\"mailto:roemer@weitsicht-medien.de\\\">roemer@weitsicht-medien.de<\/a><\/p>\n\n\",\"meta\":\"1. Vorsitzender\",\"title\":\"Michael R\u00f6mer\"}},{\"type\":\"grid_item\",\"props\":{\"content\":\"\n\n<p><a href=\\\"mailto:braukmann@t-online.de\\\">braukmann@t-online.de<\/a><\/p>\n\n\",\"meta\":\"2. Vorsitzender:\",\"title\":\"Werner Braukmann\"}},{\"type\":\"grid_item\",\"props\":{\"content\":\"\n\n<p><a href=\\\"mailto:buchhaltung@ki-warstein.de\\\">buchhaltung@ki-warstein.de<\/a><\/p>\n\n\",\"meta\":\"Schatzmeisterin:\",\"title\":\"Tina Hoppe\"}},{\"type\":\"grid_item\",\"props\":{\"content\":\"\n\n<p><a href=\\\"mailto:franz-josef@beermann-software.de\\\">franz-josef@beermann-software.de<\/a><\/p>\n\n\",\"meta\":\"Schriftf\u00fchrer:\",\"title\":\"Jock Beermann\"}}]},{\"type\":\"grid\",\"props\":{\"content_column_breakpoint\":\"m\",\"filter_align\":\"left\",\"filter_all\":true,\"filter_grid_breakpoint\":\"m\",\"filter_grid_width\":\"auto\",\"filter_position\":\"top\",\"filter_style\":\"tab\",\"grid_column_gap\":\"small\",\"grid_default\":\"1\",\"grid_divider\":true,\"grid_large\":\"3\",\"grid_medium\":\"3\",\"image_align\":\"top\",\"image_grid_breakpoint\":\"m\",\"image_grid_width\":\"1-2\",\"image_svg_color\":\"emphasis\",\"item_animation\":true,\"lightbox_bg_close\":true,\"link_style\":\"default\",\"link_text\":\"Read more\",\"margin_bottom\":\"default\",\"margin_top\":\"default\",\"meta_align\":\"below-title\",\"meta_element\":\"div\",\"meta_style\":\"text-meta\",\"panel_padding\":\"default\",\"panel_style\":\"card-default\",\"parallax_easing\":\"1\",\"show_content\":true,\"show_hover_image\":true,\"show_hover_video\":true,\"show_image\":true,\"show_link\":true,\"show_meta\":true,\"show_title\":true,\"show_video\":true,\"title_align\":\"top\",\"title_element\":\"h5\",\"title_grid_breakpoint\":\"m\",\"title_grid_width\":\"1-2\",\"title_hover_style\":\"reset\",\"title_style\":\"h4\"},\"children\":[{\"type\":\"grid_item\",\"props\":{\"content\":\"\n\n<p><a href=\\\"mailto:heike-lehle@gmx.de\\\">heike-lehle@gmx.de<\/a><\/p>\n\n\",\"meta\":\"Leitung KIKIB\u00dc\",\"title\":\"Heike Lehle-St\u00f6cker \"}},{\"type\":\"grid_item\",\"props\":{\"content\":\"\n\n<p><a href=\\\"mailto:kupferhammer@ki-warstein.de\\\">monika.scheef@gmx.de<\/a><\/p>\n\n\",\"meta\":\"Leitung Kupferhammer Konzerte\",\"title\":\"Monika Scheef\"}},{\"type\":\"grid_item\",\"props\":{\"content\":\"\n\n<p><a href=\\\"mailto:pmahnke@gmx.net\\\">pmahnke@gmx.net<\/a><\/p>\n\n\",\"meta\":\"Leitung DoKino\",\"title\":\"Peter Mahnke\"}}]},{\"type\":\"grid\",\"props\":{\"content_column_breakpoint\":\"m\",\"filter_align\":\"left\",\"filter_all\":true,\"filter_grid_breakpoint\":\"m\",\"filter_grid_width\":\"auto\",\"filter_position\":\"top\",\"filter_style\":\"tab\",\"grid_column_gap\":\"small\",\"grid_default\":\"1\",\"grid_divider\":true,\"grid_large\":\"3\",\"grid_medium\":\"3\",\"image_align\":\"top\",\"image_grid_breakpoint\":\"m\",\"image_grid_width\":\"1-2\",\"image_svg_color\":\"emphasis\",\"item_animation\":true,\"lightbox_bg_close\":true,\"link_style\":\"default\",\"link_text\":\"Read more\",\"margin_bottom\":\"default\",\"margin_top\":\"default\",\"meta_align\":\"below-title\",\"meta_element\":\"div\",\"meta_style\":\"text-meta\",\"panel_padding\":\"default\",\"panel_style\":\"card-default\",\"parallax_easing\":\"1\",\"show_content\":true,\"show_hover_image\":true,\"show_hover_video\":true,\"show_image\":true,\"show_link\":true,\"show_meta\":true,\"show_title\":true,\"show_video\":true,\"title_align\":\"top\",\"title_element\":\"h5\",\"title_grid_breakpoint\":\"m\",\"title_grid_width\":\"1-2\",\"title_hover_style\":\"reset\",\"title_style\":\"h4\"},\"children\":[{\"type\":\"grid_item\",\"props\":{\"content\":\"\n\n<p><a href=\\\"mailto:ubmbc.klaus@t-online.de\\\">ubmbc.klaus@t-online.de<\/a><\/p>\n\n\\n\n\n\n\n\",\"meta\":\"Beisitzer\",\"title\":\"Bernhard Klaus\"}},{\"type\":\"grid_item\",\"props\":{\"content\":\"\n\n<p><a href=\\\"tel:+4916097000109\\\" data-wplink-url-error=\\\"true\\\"><\/a><br \/><a href=\\\"mailto:eckhard.mueller@gmx.de\\\">eckhard.mueller@gmx.de<\/a><\/p>\n\n\",\"meta\":\"Beisitzer\",\"title\":\"Eckhard M\u00fcller\"}}]}]}]}]},{\"type\":\"section\",\"props\":{\"header_transparent\":true,\"header_transparent_noplaceholder\":false,\"header_transparent_text_color\":\"light\",\"image_effect\":\"parallax\",\"image_parallax_bgy\":\"5vh,-5vh\",\"image_parallax_breakpoint\":\"s\",\"image_parallax_easing\":\"1\",\"image_position\":\"center-center\",\"image_size\":\"cover\",\"image_width\":\"2560\",\"style\":\"default\",\"title_breakpoint\":\"xl\",\"title_position\":\"top-left\",\"title_rotation\":\"left\",\"vertical_align\":\"\",\"width\":\"\"},\"children\":[{\"type\":\"row\",\"children\":[{\"type\":\"column\",\"props\":{\"image_position\":\"center-center\",\"position_sticky_breakpoint\":\"m\",\"width_medium\":\"1-1\"},\"children\":[{\"type\":\"headline\",\"props\":{\"content\":\"Unsere Standorte\",\"image_align\":\"left\",\"image_margin\":\"xsmall\",\"text_align\":\"center\",\"title_element\":\"h1\"}},{\"type\":\"map\",\"props\":{\"controls\":true,\"dragging\":true,\"height\":\"450\",\"image_svg_color\":\"emphasis\",\"link_style\":\"default\",\"link_text\":\"Read more\",\"margin_bottom\":\"default\",\"margin_top\":\"default\",\"max_zoom\":18,\"meta_align\":\"below-title\",\"meta_element\":\"div\",\"meta_style\":\"text-meta\",\"min_zoom\":0,\"poi\":false,\"show_content\":true,\"show_image\":true,\"show_link\":true,\"show_meta\":true,\"show_title\":true,\"styler_invert_lightness\":false,\"title_element\":\"h3\",\"title_hover_style\":\"reset\",\"type\":\"roadmap\",\"zoom\":12,\"zooming\":false},\"children\":[{\"type\":\"map_item\",\"props\":{\"content\":\"Belecker Landstra\u00dfe 9\",\"location\":\"51.4591,8.34467\",\"title\":\"Haus Kupferhammer\"}},{\"type\":\"map_item\",\"props\":{\"content\":\"Pietrapaola-Platz 4, 59581 Warstein\",\"location\":\"51.4865,8.33836\",\"title\":\"Neue Aula Belecke\"}},{\"type\":\"map_item\",\"props\":{\"content\":\"\n\n<p>M\u00fclheimer Str. 30<br \/>59581 Warstein<\/p>\n\n\",\"location\":\"51.4905686,8.323002947651482\",\"title\":\"Haus Welschenbeck\"}},{\"type\":\"map_item\",\"props\":{\"content\":\"Benderweg, <br \/>59581 Warstein\",\"location\":\"51.4473,8.3510\",\"title\":\"Alte Kirche Warstein\"}}]}]}]}],\"name\":\"Contact\"}],\"version\":\"5.0.28\"} --><\/p>\n","protected":false},"excerpt":{"rendered":"<p>KI Kontakt Michael R\u00f6mer roemer@weitsicht-medien.de KI-Mitglied werden Schreib uns eine Nachricht KI Vorstandsteam: Michael R\u00f6mer 1. Vorsitzender roemer@weitsicht-medien.de Werner Braukmann 2. Vorsitzender: braukmann@t-online.de Tina Hoppe Schatzmeisterin: buchhaltung@ki-warstein.de Jock Beermann Schriftf\u00fchrer: franz-josef@beermann-software.de Heike Lehle-St\u00f6cker Leitung KIKIB\u00dc heike-lehle@gmx.de Monika Scheef Leitung Kupferhammer Konzerte monika.scheef@gmx.de Peter Mahnke Leitung DoKino pmahnke@gmx.net Bernhard Klaus Beisitzer ubmbc.klaus@t-online.de Eckhard M\u00fcller Beisitzer eckhard.mueller@gmx.de [&hellip;]<\/p>\n","protected":false},"author":1,"featured_media":0,"parent":0,"menu_order":12,"comment_status":"closed","ping_status":"closed","template":"","meta":{"_acf_changed":false,"footnotes":""},"class_list":["post-20","page","type-page","status-publish","hentry"],"acf":[],"_links":{"self":[{"href":"https:\/\/ki-warstein.de\/index.php?rest_route=\/wp\/v2\/pages\/20","targetHints":{"allow":["GET"]}}],"collection":[{"href":"https:\/\/ki-warstein.de\/index.php?rest_route=\/wp\/v2\/pages"}],"about":[{"href":"https:\/\/ki-warstein.de\/index.php?rest_route=\/wp\/v2\/types\/page"}],"author":[{"embeddable":true,"href":"https:\/\/ki-warstein.de\/index.php?rest_route=\/wp\/v2\/users\/1"}],"replies":[{"embeddable":true,"href":"https:\/\/ki-warstein.de\/index.php?rest_route=%2Fwp%2Fv2%2Fcomments&post=20"}],"version-history":[{"count":17,"href":"https:\/\/ki-warstein.de\/index.php?rest_route=\/wp\/v2\/pages\/20\/revisions"}],"predecessor-version":[{"id":14068,"href":"https:\/\/ki-warstein.de\/index.php?rest_route=\/wp\/v2\/pages\/20\/revisions\/14068"}],"wp:attachment":[{"href":"https:\/\/ki-warstein.de\/index.php?rest_route=%2Fwp%2Fv2%2Fmedia&parent=20"}],"curies":[{"name":"wp","href":"https:\/\/api.w.org\/{rel}","templated":true}]}}